{"id":1459,"date":"2024-01-24T12:52:40","date_gmt":"2024-01-24T11:52:40","guid":{"rendered":"https:\/\/biennale-cirque.com\/audiences\/school-groups\/"},"modified":"2024-06-27T11:41:15","modified_gmt":"2024-06-27T09:41:15","slug":"school-groups","status":"publish","type":"page","link":"https:\/\/biennale-cirque.com\/en\/audiences\/school-groups\/","title":{"rendered":"School Groups"},"content":{"rendered":"\n<figure class=\"wp-block-image alignwide size-full\"><img loading=\"lazy\" decoding=\"async\" width=\"2000\" height=\"650\" src=\"https:\/\/biennale-cirque.com\/wp-content\/uploads\/2024\/01\/vignette_scolaire_2.jpg\" alt=\"\" class=\"wp-image-358\" srcset=\"https:\/\/biennale-cirque.com\/wp-content\/uploads\/2024\/01\/vignette_scolaire_2.jpg 2000w, https:\/\/biennale-cirque.com\/wp-content\/uploads\/2024\/01\/vignette_scolaire_2-300x98.jpg 300w, https:\/\/biennale-cirque.com\/wp-content\/uploads\/2024\/01\/vignette_scolaire_2-1024x333.jpg 1024w, https:\/\/biennale-cirque.com\/wp-content\/uploads\/2024\/01\/vignette_scolaire_2-768x250.jpg 768w, https:\/\/biennale-cirque.com\/wp-content\/uploads\/2024\/01\/vignette_scolaire_2-1536x499.jpg 1536w\" sizes=\"auto, (max-width: 2000px) 100vw, 2000px\" \/><\/figure>\n\n<div class=\"wp-block-columns alignwide is-layout-flex wp-container-core-columns-is-layout-28f84493 wp-block-columns-is-layout-flex\">\n<div class=\"wp-block-column is-layout-flow wp-block-column-is-layout-flow\" style=\"flex-basis:66.66%\">\n<p><strong>Ouvrir les spectacles de cirque au plus grand nombre est un engagement fort de la BIAC depuis sa toute premi\u00e8re \u00e9dition.<\/strong><\/p>\n\n\n\n<p>Archaos et les partenaires mettent en place une pluralit\u00e9 d\u2019actions visant \u00e0 faire venir le jeune public, le public familial, les personnes \u00e9loign\u00e9es de l\u2019offre culturelle, les \u00e9tudiants, les professionnels du spectacle et partager avec elles et eux les imaginaires, \u00e9motions r\u00e9flexions, pratiques, questionnements que nous proposent les artistes.<\/p>\n\n\n\n<p>Pour les groupes scolaires vous trouverez ci-dessous une s\u00e9lection de propositions de spectacles programm\u00e9s en s\u00e9ances scolaires et d\u2019atelier de pratique artistique.<\/p>\n\n\n\n<div class=\"wp-block-columns is-layout-flex wp-container-core-columns-is-layout-28f84493 wp-block-columns-is-layout-flex\">\n<div class=\"wp-block-column is-layout-flow wp-block-column-is-layout-flow\"><div class=\"listOfPages listOfPagesVignetteBloc\"><\/div>\n<\/div>\n\n\n\n<div class=\"wp-block-column is-layout-flow wp-block-column-is-layout-flow\"><div class=\"listOfPages listOfPagesVignetteBloc\"><\/div>\n<\/div>\n<\/div>\n<\/div>\n\n\n\n<div class=\"wp-block-column has-light-background-color has-background is-layout-flow wp-block-column-is-layout-flow\" style=\"padding-top:var(--wp--preset--spacing--60);padding-right:var(--wp--preset--spacing--60);padding-bottom:var(--wp--preset--spacing--60);padding-left:var(--wp--preset--spacing--60);flex-basis:33.33%\">\n<p><strong>Practical information<\/strong><\/p>\n<\/div>\n<\/div>\n","protected":false},"excerpt":{"rendered":"<p>Ouvrir les spectacles de cirque au plus grand nombre est un engagement fort de la BIAC depuis sa toute premi\u00e8re [&hellip;]<\/p>\n","protected":false},"author":1,"featured_media":357,"parent":1458,"menu_order":1,"comment_status":"closed","ping_status":"closed","template":"","meta":{"footnotes":""},"class_list":["post-1459","page","type-page","status-publish","has-post-thumbnail","hentry","entry"],"_links":{"self":[{"href":"https:\/\/biennale-cirque.com\/en\/wp-json\/wp\/v2\/pages\/1459","targetHints":{"allow":["GET"]}}],"collection":[{"href":"https:\/\/biennale-cirque.com\/en\/wp-json\/wp\/v2\/pages"}],"about":[{"href":"https:\/\/biennale-cirque.com\/en\/wp-json\/wp\/v2\/types\/page"}],"author":[{"embeddable":true,"href":"https:\/\/biennale-cirque.com\/en\/wp-json\/wp\/v2\/users\/1"}],"replies":[{"embeddable":true,"href":"https:\/\/biennale-cirque.com\/en\/wp-json\/wp\/v2\/comments?post=1459"}],"version-history":[{"count":1,"href":"https:\/\/biennale-cirque.com\/en\/wp-json\/wp\/v2\/pages\/1459\/revisions"}],"predecessor-version":[{"id":1460,"href":"https:\/\/biennale-cirque.com\/en\/wp-json\/wp\/v2\/pages\/1459\/revisions\/1460"}],"up":[{"embeddable":true,"href":"https:\/\/biennale-cirque.com\/en\/wp-json\/wp\/v2\/pages\/1458"}],"wp:featuredmedia":[{"embeddable":true,"href":"https:\/\/biennale-cirque.com\/en\/wp-json\/wp\/v2\/media\/357"}],"wp:attachment":[{"href":"https:\/\/biennale-cirque.com\/en\/wp-json\/wp\/v2\/media?parent=1459"}],"curies":[{"name":"wp","href":"https:\/\/api.w.org\/{rel}","templated":true}]}}