{"id":3864,"date":"2023-12-18T18:09:06","date_gmt":"2023-12-18T17:09:06","guid":{"rendered":"https:\/\/biennale-cirque.com\/the-biennal\/the-team\/"},"modified":"2025-11-05T12:06:49","modified_gmt":"2025-11-05T11:06:49","slug":"the-team","status":"publish","type":"page","link":"https:\/\/biennale-cirque.com\/en\/the-biennal\/the-team\/","title":{"rendered":"The Team"},"content":{"rendered":"\n<div style=\"height:50px\" aria-hidden=\"true\" class=\"wp-block-spacer\"><\/div>\n\n<div class=\"wp-block-columns alignwide is-layout-flex wp-container-core-columns-is-layout-28f84493 wp-block-columns-is-layout-flex\">\n<div class=\"wp-block-column is-layout-flow wp-block-column-is-layout-flow\" style=\"flex-basis:50%\">\n<p><\/p>\n\n\n\n<p><strong>Guy Carrara, <strong>Raquel Rache de Andrade<\/strong> &amp; Simon Carrara<\/strong><br\/>Directors<br\/><br\/><strong>Rachel Padolus<\/strong><br\/>Administrator<br\/><br\/><strong>Boris Avoc\u00e9<\/strong><br\/>Senior Accountant, Payroll Manager<br\/><br\/><strong>J\u00e9r\u00f4me Plaza<\/strong><br\/>Technical Director<br\/><br\/><strong>Flore Colomine<\/strong><br\/>Production and Residency Manager<br\/><br\/><strong>Amanda Francin<\/strong><br\/>Head of Communication <br\/><br\/><strong>Tiphaine Souron<\/strong><br\/>Head of Cultural Outreach<br\/><br\/><strong>T\u00e9a L\u00e9vy<\/strong><br\/>Work experience with Cultural Cutreach<br\/><br\/><strong>Daisy Joseph<\/strong><br\/>Maintenance Supervisor<\/p>\n\n\n\n<p><br\/><strong>T\u00e9l\u00e9cirque Team <\/strong><\/p>\n\n\n\n<p><strong>Vincent Delpech<\/strong><br\/>Camera Operator and Video Editor<\/p>\n\n\n\n<p><strong>Val\u00e9rie Bordedebat, Antoine Brice, Ilkay Akiol<\/strong><br\/>Camera operators<br\/><\/p>\n\n\n\n<p><br\/><\/p>\n<\/div>\n\n\n\n<div class=\"wp-block-column is-layout-flow wp-block-column-is-layout-flow\" style=\"flex-basis:50%\">\n<p><strong>For the Entre2 BIAC<\/strong><\/p>\n\n\n\n<p><strong>Pascal Scuotto<\/strong><br\/>Media Relations<\/p>\n\n\n\n<p><strong>Christophe Loiseau<\/strong><br\/>Head of Ticket Office<br\/><br\/><strong>Christelle Nadd\u00e9o<\/strong><br\/>Technical Management<br\/><br\/><strong>Laurent Blanchard<\/strong><br\/>Operations Management<br\/><br\/><strong>Vanessa Asse<\/strong><br\/>Texts for shows<br\/><br\/><br\/>The activities of Archaos, BIAC, and Entre2 BIAC are made possible thanks to the contributions of numerous artists, performers, and technicians.<\/p>\n<\/div>\n<\/div>\n\n<div style=\"height:60px\" aria-hidden=\"true\" class=\"wp-block-spacer\"><\/div>\n","protected":false},"excerpt":{"rendered":"<p>Guy Carrara, Raquel Rache de Andrade &amp; Simon CarraraDirectors Rachel PadolusAdministrator Boris Avoc\u00e9Senior Accountant, Payroll Manager J\u00e9r\u00f4me PlazaTechnical Director Flore [&hellip;]<\/p>\n","protected":false},"author":1,"featured_media":6090,"parent":1442,"menu_order":2,"comment_status":"closed","ping_status":"closed","template":"","meta":{"footnotes":""},"class_list":["post-3864","page","type-page","status-publish","has-post-thumbnail","hentry","entry"],"_links":{"self":[{"href":"https:\/\/biennale-cirque.com\/en\/wp-json\/wp\/v2\/pages\/3864","targetHints":{"allow":["GET"]}}],"collection":[{"href":"https:\/\/biennale-cirque.com\/en\/wp-json\/wp\/v2\/pages"}],"about":[{"href":"https:\/\/biennale-cirque.com\/en\/wp-json\/wp\/v2\/types\/page"}],"author":[{"embeddable":true,"href":"https:\/\/biennale-cirque.com\/en\/wp-json\/wp\/v2\/users\/1"}],"replies":[{"embeddable":true,"href":"https:\/\/biennale-cirque.com\/en\/wp-json\/wp\/v2\/comments?post=3864"}],"version-history":[{"count":5,"href":"https:\/\/biennale-cirque.com\/en\/wp-json\/wp\/v2\/pages\/3864\/revisions"}],"predecessor-version":[{"id":6844,"href":"https:\/\/biennale-cirque.com\/en\/wp-json\/wp\/v2\/pages\/3864\/revisions\/6844"}],"up":[{"embeddable":true,"href":"https:\/\/biennale-cirque.com\/en\/wp-json\/wp\/v2\/pages\/1442"}],"wp:featuredmedia":[{"embeddable":true,"href":"https:\/\/biennale-cirque.com\/en\/wp-json\/wp\/v2\/media\/6090"}],"wp:attachment":[{"href":"https:\/\/biennale-cirque.com\/en\/wp-json\/wp\/v2\/media?parent=3864"}],"curies":[{"name":"wp","href":"https:\/\/api.w.org\/{rel}","templated":true}]}}